{"id":9946,"date":"2025-02-19T18:12:50","date_gmt":"2025-02-19T23:12:50","guid":{"rendered":"https:\/\/ouddorperfumes.com\/index.php\/producto\/rasasi-hawas-for-him-100-original\/"},"modified":"2025-10-03T18:24:18","modified_gmt":"2025-10-03T23:24:18","slug":"rasasi-hawas-for-him-100-ml-original","status":"publish","type":"product","link":"https:\/\/ouddorperfumes.com\/index.php\/producto\/rasasi-hawas-for-him-100-ml-original\/","title":{"rendered":"Rasasi Hawas For Him 100 ml Original"},"content":{"rendered":"<p data-start=\"91\" data-end=\"379\"><strong data-start=\"91\" data-end=\"179\">Descubre una fragancia que encarna perfectamente la fuerza masculina y la vitalidad.<\/strong><br data-start=\"179\" data-end=\"182\" \/>El <em data-start=\"185\" data-end=\"200\">eau de parfum<\/em> para hombre <strong data-start=\"213\" data-end=\"237\">Rasasi Hawas for Men<\/strong> encierra el esp\u00edritu aventurero del hombre moderno, aquel que desea explorar nuevos horizontes y no teme llevar a cabo sus ideas m\u00e1s audaces.<\/p>\n<p data-start=\"381\" data-end=\"534\">Una fragancia oriental fresca con notas c\u00edtricas y acu\u00e1ticas, perfecta para hombres activos. Ideal para el uso diario, especialmente en los d\u00edas c\u00e1lidos.<\/p>\n<h3 data-start=\"536\" data-end=\"569\">Composici\u00f3n de la fragancia<\/h3>\n<p data-start=\"570\" data-end=\"1069\">Esta creaci\u00f3n arom\u00e1tica combina frescas notas acu\u00e1ticas que se disuelven gradualmente en un fondo c\u00e1lido y amaderado.<br data-start=\"687\" data-end=\"690\" \/>Desde el primer instante, sentir\u00e1s un c\u00f3ctel frutal refrescante compuesto por lim\u00f3n, manzana, canela y bergamota.<br data-start=\"803\" data-end=\"806\" \/>Las notas de coraz\u00f3n revelan acordes acu\u00e1ticos entrelazados con mel\u00f3n y violeta, aportando una frescura suave y envolvente.<br data-start=\"929\" data-end=\"932\" \/>Finalmente, emergen las notas de fondo: un c\u00e1lido y seductor acorde de s\u00e1ndalo, cedro y almizcle que deja una estela elegante y duradera.<\/p>\n","protected":false},"excerpt":{"rendered":"<p data-start=\"91\" data-end=\"379\"><strong data-start=\"91\" data-end=\"179\">Descubre una fragancia que encarna perfectamente la fuerza masculina y la vitalidad.<\/strong><br data-start=\"179\" data-end=\"182\" \/>El <em data-start=\"185\" data-end=\"200\">eau de parfum<\/em> para hombre <strong data-start=\"213\" data-end=\"237\">Rasasi Hawas for Men<\/strong> encierra el esp\u00edritu aventurero del hombre moderno, aquel que desea explorar nuevos horizontes y no teme llevar a cabo sus ideas m\u00e1s audaces.<\/p>\n<p data-start=\"381\" data-end=\"534\">Una fragancia oriental fresca con notas c\u00edtricas y acu\u00e1ticas, perfecta para hombres activos. Ideal para el uso diario, especialmente en los d\u00edas c\u00e1lidos.<\/p>\n<h3 data-start=\"536\" data-end=\"569\">Composici\u00f3n de la fragancia<\/h3>\n<p data-start=\"570\" data-end=\"1069\">Esta creaci\u00f3n arom\u00e1tica combina frescas notas acu\u00e1ticas que se disuelven gradualmente en un fondo c\u00e1lido y amaderado.<br data-start=\"687\" data-end=\"690\" \/>Desde el primer instante, sentir\u00e1s un c\u00f3ctel frutal refrescante compuesto por lim\u00f3n, manzana, canela y bergamota.<br data-start=\"803\" data-end=\"806\" \/>Las notas de coraz\u00f3n revelan acordes acu\u00e1ticos entrelazados con mel\u00f3n y violeta, aportando una frescura suave y envolvente.<br data-start=\"929\" data-end=\"932\" \/>Finalmente, emergen las notas de fondo: un c\u00e1lido y seductor acorde de s\u00e1ndalo, cedro y almizcle que deja una estela elegante y duradera.<\/p>\n<p><span style=\"color: #ff4400;\"><strong>\u2705 <span style=\"color: #d9a569;\">Pagos 100% Contraentrega.<\/span><\/strong><\/span><br \/>\n<span style=\"color: #ff4400;\"><strong>\u2705 <span style=\"color: #d9a569;\">Env\u00edo Gratis a toda Colombia.<\/span><\/strong><\/span><br \/>\n<span style=\"color: #ff4400;\"><strong>\u2705 <span style=\"color: #d9a569;\">Perfumes 100% Originales.<\/span><\/strong><\/span><\/p>\n","protected":false},"featured_media":9749,"template":"","meta":[],"product_brand":[],"product_cat":[169,177,209],"product_tag":[],"class_list":{"0":"post-9946","1":"product","2":"type-product","3":"status-publish","4":"has-post-thumbnail","6":"product_cat-hombre","7":"product_cat-perfumes-arabes","8":"product_cat-rasasi","10":"first","11":"instock","12":"sale","13":"shipping-taxable","14":"purchasable","15":"product-type-simple"},"yoast_head":"<!-- This site is optimized with the Yoast SEO plugin v27.3 - https:\/\/yoast.com\/product\/yoast-seo-wordpress\/ -->\n<title>Rasasi Hawas For Him 100 ml Original - Oud d\u2019Or - L\u2019essence du pouvoir<\/title>\n<meta name=\"robots\" content=\"index, follow, max-snippet:-1, max-image-preview:large, max-video-preview:-1\" \/>\n<link rel=\"canonical\" href=\"https:\/\/ouddorperfumes.com\/index.php\/producto\/rasasi-hawas-for-him-100-ml-original\/\" \/>\n<meta property=\"og:locale\" content=\"es_ES\" \/>\n<meta property=\"og:type\" content=\"article\" \/>\n<meta property=\"og:title\" content=\"Rasasi Hawas For Him 100 ml Original - Oud d\u2019Or - L\u2019essence du pouvoir\" \/>\n<meta property=\"og:description\" content=\"Descubre una fragancia que encarna perfectamente la fuerza masculina y la vitalidad.El eau de parfum para hombre Rasasi Hawas for Men encierra el esp\u00edritu aventurero del hombre moderno, aquel que desea explorar nuevos horizontes y no teme llevar a cabo sus ideas m\u00e1s audaces. Una fragancia oriental fresca con notas c\u00edtricas y acu\u00e1ticas, perfecta para hombres activos. Ideal para el uso diario, especialmente en los d\u00edas c\u00e1lidos.  Composici\u00f3n de la fragancia Esta creaci\u00f3n arom\u00e1tica combina frescas notas acu\u00e1ticas que se disuelven gradualmente en un fondo c\u00e1lido y amaderado.Desde el primer instante, sentir\u00e1s un c\u00f3ctel frutal refrescante compuesto por lim\u00f3n, manzana, canela y bergamota.Las notas de coraz\u00f3n revelan acordes acu\u00e1ticos entrelazados con mel\u00f3n y violeta, aportando una frescura suave y envolvente.Finalmente, emergen las notas de fondo: un c\u00e1lido y seductor acorde de s\u00e1ndalo, cedro y almizcle que deja una estela elegante y duradera. \u2705 Pagos 100% Contraentrega. \u2705 Env\u00edo Gratis a toda Colombia. \u2705 Perfumes 100% Originales.\" \/>\n<meta property=\"og:url\" content=\"https:\/\/ouddorperfumes.com\/index.php\/producto\/rasasi-hawas-for-him-100-ml-original\/\" \/>\n<meta property=\"og:site_name\" content=\"Oud d\u2019Or - L\u2019essence du pouvoir\" \/>\n<meta property=\"article:modified_time\" content=\"2025-10-03T23:24:18+00:00\" \/>\n<meta property=\"og:image\" content=\"https:\/\/ouddorperfumes.com\/wp-content\/uploads\/2025\/02\/456jpg-26.jpg\" \/>\n\t<meta property=\"og:image:width\" content=\"1654\" \/>\n\t<meta property=\"og:image:height\" content=\"1654\" \/>\n\t<meta property=\"og:image:type\" content=\"image\/jpeg\" \/>\n<meta name=\"twitter:card\" content=\"summary_large_image\" \/>\n<meta name=\"twitter:label1\" content=\"Tiempo de lectura\" \/>\n\t<meta name=\"twitter:data1\" content=\"1 minuto\" \/>\n<script type=\"application\/ld+json\" class=\"yoast-schema-graph\">{\"@context\":\"https:\\\/\\\/schema.org\",\"@graph\":[{\"@type\":\"WebPage\",\"@id\":\"https:\\\/\\\/ouddorperfumes.com\\\/index.php\\\/producto\\\/rasasi-hawas-for-him-100-ml-original\\\/\",\"url\":\"https:\\\/\\\/ouddorperfumes.com\\\/index.php\\\/producto\\\/rasasi-hawas-for-him-100-ml-original\\\/\",\"name\":\"Rasasi Hawas For Him 100 ml Original - Oud d\u2019Or - L\u2019essence du pouvoir\",\"isPartOf\":{\"@id\":\"https:\\\/\\\/ouddorperfumes.com\\\/#website\"},\"primaryImageOfPage\":{\"@id\":\"https:\\\/\\\/ouddorperfumes.com\\\/index.php\\\/producto\\\/rasasi-hawas-for-him-100-ml-original\\\/#primaryimage\"},\"image\":{\"@id\":\"https:\\\/\\\/ouddorperfumes.com\\\/index.php\\\/producto\\\/rasasi-hawas-for-him-100-ml-original\\\/#primaryimage\"},\"thumbnailUrl\":\"https:\\\/\\\/ouddorperfumes.com\\\/wp-content\\\/uploads\\\/2025\\\/02\\\/456jpg-26.jpg\",\"datePublished\":\"2025-02-19T23:12:50+00:00\",\"dateModified\":\"2025-10-03T23:24:18+00:00\",\"breadcrumb\":{\"@id\":\"https:\\\/\\\/ouddorperfumes.com\\\/index.php\\\/producto\\\/rasasi-hawas-for-him-100-ml-original\\\/#breadcrumb\"},\"inLanguage\":\"es\",\"potentialAction\":[{\"@type\":\"ReadAction\",\"target\":[\"https:\\\/\\\/ouddorperfumes.com\\\/index.php\\\/producto\\\/rasasi-hawas-for-him-100-ml-original\\\/\"]}]},{\"@type\":\"ImageObject\",\"inLanguage\":\"es\",\"@id\":\"https:\\\/\\\/ouddorperfumes.com\\\/index.php\\\/producto\\\/rasasi-hawas-for-him-100-ml-original\\\/#primaryimage\",\"url\":\"https:\\\/\\\/ouddorperfumes.com\\\/wp-content\\\/uploads\\\/2025\\\/02\\\/456jpg-26.jpg\",\"contentUrl\":\"https:\\\/\\\/ouddorperfumes.com\\\/wp-content\\\/uploads\\\/2025\\\/02\\\/456jpg-26.jpg\",\"width\":1654,\"height\":1654},{\"@type\":\"BreadcrumbList\",\"@id\":\"https:\\\/\\\/ouddorperfumes.com\\\/index.php\\\/producto\\\/rasasi-hawas-for-him-100-ml-original\\\/#breadcrumb\",\"itemListElement\":[{\"@type\":\"ListItem\",\"position\":1,\"name\":\"Portada\",\"item\":\"https:\\\/\\\/ouddorperfumes.com\\\/\"},{\"@type\":\"ListItem\",\"position\":2,\"name\":\"Todos los Perfumes\",\"item\":\"https:\\\/\\\/ouddorperfumes.com\\\/index.php\\\/todos-los-perfumes\\\/\"},{\"@type\":\"ListItem\",\"position\":3,\"name\":\"Rasasi Hawas For Him 100 ml Original\"}]},{\"@type\":\"WebSite\",\"@id\":\"https:\\\/\\\/ouddorperfumes.com\\\/#website\",\"url\":\"https:\\\/\\\/ouddorperfumes.com\\\/\",\"name\":\"Oud d\u2019Or - L\u2019essence du pouvoir\",\"description\":\"Perfumes Arabes 100% Originales\",\"potentialAction\":[{\"@type\":\"SearchAction\",\"target\":{\"@type\":\"EntryPoint\",\"urlTemplate\":\"https:\\\/\\\/ouddorperfumes.com\\\/?s={search_term_string}\"},\"query-input\":{\"@type\":\"PropertyValueSpecification\",\"valueRequired\":true,\"valueName\":\"search_term_string\"}}],\"inLanguage\":\"es\"}]}<\/script>\n<!-- \/ Yoast SEO plugin. -->","yoast_head_json":{"title":"Rasasi Hawas For Him 100 ml Original - Oud d\u2019Or - L\u2019essence du pouvoir","robots":{"index":"index","follow":"follow","max-snippet":"max-snippet:-1","max-image-preview":"max-image-preview:large","max-video-preview":"max-video-preview:-1"},"canonical":"https:\/\/ouddorperfumes.com\/index.php\/producto\/rasasi-hawas-for-him-100-ml-original\/","og_locale":"es_ES","og_type":"article","og_title":"Rasasi Hawas For Him 100 ml Original - Oud d\u2019Or - L\u2019essence du pouvoir","og_description":"Descubre una fragancia que encarna perfectamente la fuerza masculina y la vitalidad.El eau de parfum para hombre Rasasi Hawas for Men encierra el esp\u00edritu aventurero del hombre moderno, aquel que desea explorar nuevos horizontes y no teme llevar a cabo sus ideas m\u00e1s audaces. Una fragancia oriental fresca con notas c\u00edtricas y acu\u00e1ticas, perfecta para hombres activos. Ideal para el uso diario, especialmente en los d\u00edas c\u00e1lidos.  Composici\u00f3n de la fragancia Esta creaci\u00f3n arom\u00e1tica combina frescas notas acu\u00e1ticas que se disuelven gradualmente en un fondo c\u00e1lido y amaderado.Desde el primer instante, sentir\u00e1s un c\u00f3ctel frutal refrescante compuesto por lim\u00f3n, manzana, canela y bergamota.Las notas de coraz\u00f3n revelan acordes acu\u00e1ticos entrelazados con mel\u00f3n y violeta, aportando una frescura suave y envolvente.Finalmente, emergen las notas de fondo: un c\u00e1lido y seductor acorde de s\u00e1ndalo, cedro y almizcle que deja una estela elegante y duradera. \u2705 Pagos 100% Contraentrega. \u2705 Env\u00edo Gratis a toda Colombia. \u2705 Perfumes 100% Originales.","og_url":"https:\/\/ouddorperfumes.com\/index.php\/producto\/rasasi-hawas-for-him-100-ml-original\/","og_site_name":"Oud d\u2019Or - L\u2019essence du pouvoir","article_modified_time":"2025-10-03T23:24:18+00:00","og_image":[{"width":1654,"height":1654,"url":"https:\/\/ouddorperfumes.com\/wp-content\/uploads\/2025\/02\/456jpg-26.jpg","type":"image\/jpeg"}],"twitter_card":"summary_large_image","twitter_misc":{"Tiempo de lectura":"1 minuto"},"schema":{"@context":"https:\/\/schema.org","@graph":[{"@type":"WebPage","@id":"https:\/\/ouddorperfumes.com\/index.php\/producto\/rasasi-hawas-for-him-100-ml-original\/","url":"https:\/\/ouddorperfumes.com\/index.php\/producto\/rasasi-hawas-for-him-100-ml-original\/","name":"Rasasi Hawas For Him 100 ml Original - Oud d\u2019Or - L\u2019essence du pouvoir","isPartOf":{"@id":"https:\/\/ouddorperfumes.com\/#website"},"primaryImageOfPage":{"@id":"https:\/\/ouddorperfumes.com\/index.php\/producto\/rasasi-hawas-for-him-100-ml-original\/#primaryimage"},"image":{"@id":"https:\/\/ouddorperfumes.com\/index.php\/producto\/rasasi-hawas-for-him-100-ml-original\/#primaryimage"},"thumbnailUrl":"https:\/\/ouddorperfumes.com\/wp-content\/uploads\/2025\/02\/456jpg-26.jpg","datePublished":"2025-02-19T23:12:50+00:00","dateModified":"2025-10-03T23:24:18+00:00","breadcrumb":{"@id":"https:\/\/ouddorperfumes.com\/index.php\/producto\/rasasi-hawas-for-him-100-ml-original\/#breadcrumb"},"inLanguage":"es","potentialAction":[{"@type":"ReadAction","target":["https:\/\/ouddorperfumes.com\/index.php\/producto\/rasasi-hawas-for-him-100-ml-original\/"]}]},{"@type":"ImageObject","inLanguage":"es","@id":"https:\/\/ouddorperfumes.com\/index.php\/producto\/rasasi-hawas-for-him-100-ml-original\/#primaryimage","url":"https:\/\/ouddorperfumes.com\/wp-content\/uploads\/2025\/02\/456jpg-26.jpg","contentUrl":"https:\/\/ouddorperfumes.com\/wp-content\/uploads\/2025\/02\/456jpg-26.jpg","width":1654,"height":1654},{"@type":"BreadcrumbList","@id":"https:\/\/ouddorperfumes.com\/index.php\/producto\/rasasi-hawas-for-him-100-ml-original\/#breadcrumb","itemListElement":[{"@type":"ListItem","position":1,"name":"Portada","item":"https:\/\/ouddorperfumes.com\/"},{"@type":"ListItem","position":2,"name":"Todos los Perfumes","item":"https:\/\/ouddorperfumes.com\/index.php\/todos-los-perfumes\/"},{"@type":"ListItem","position":3,"name":"Rasasi Hawas For Him 100 ml Original"}]},{"@type":"WebSite","@id":"https:\/\/ouddorperfumes.com\/#website","url":"https:\/\/ouddorperfumes.com\/","name":"Oud d\u2019Or - L\u2019essence du pouvoir","description":"Perfumes Arabes 100% Originales","potentialAction":[{"@type":"SearchAction","target":{"@type":"EntryPoint","urlTemplate":"https:\/\/ouddorperfumes.com\/?s={search_term_string}"},"query-input":{"@type":"PropertyValueSpecification","valueRequired":true,"valueName":"search_term_string"}}],"inLanguage":"es"}]}},"_links":{"self":[{"href":"https:\/\/ouddorperfumes.com\/index.php\/wp-json\/wp\/v2\/product\/9946","targetHints":{"allow":["GET"]}}],"collection":[{"href":"https:\/\/ouddorperfumes.com\/index.php\/wp-json\/wp\/v2\/product"}],"about":[{"href":"https:\/\/ouddorperfumes.com\/index.php\/wp-json\/wp\/v2\/types\/product"}],"version-history":[{"count":1,"href":"https:\/\/ouddorperfumes.com\/index.php\/wp-json\/wp\/v2\/product\/9946\/revisions"}],"predecessor-version":[{"id":11753,"href":"https:\/\/ouddorperfumes.com\/index.php\/wp-json\/wp\/v2\/product\/9946\/revisions\/11753"}],"wp:featuredmedia":[{"embeddable":true,"href":"https:\/\/ouddorperfumes.com\/index.php\/wp-json\/wp\/v2\/media\/9749"}],"wp:attachment":[{"href":"https:\/\/ouddorperfumes.com\/index.php\/wp-json\/wp\/v2\/media?parent=9946"}],"wp:term":[{"taxonomy":"product_brand","embeddable":true,"href":"https:\/\/ouddorperfumes.com\/index.php\/wp-json\/wp\/v2\/product_brand?post=9946"},{"taxonomy":"product_cat","embeddable":true,"href":"https:\/\/ouddorperfumes.com\/index.php\/wp-json\/wp\/v2\/product_cat?post=9946"},{"taxonomy":"product_tag","embeddable":true,"href":"https:\/\/ouddorperfumes.com\/index.php\/wp-json\/wp\/v2\/product_tag?post=9946"}],"curies":[{"name":"wp","href":"https:\/\/api.w.org\/{rel}","templated":true}]}}