{"id":9955,"date":"2025-02-19T18:30:44","date_gmt":"2025-02-19T23:30:44","guid":{"rendered":"https:\/\/ouddorperfumes.com\/index.php\/producto\/montblanc-individuel-75ml-original\/"},"modified":"2025-10-03T18:22:36","modified_gmt":"2025-10-03T23:22:36","slug":"montblanc-individuel-75-ml-original","status":"publish","type":"product","link":"https:\/\/ouddorperfumes.com\/index.php\/producto\/montblanc-individuel-75-ml-original\/","title":{"rendered":"Montblanc Individuel 75 ml Original"},"content":{"rendered":"<p data-start=\"76\" data-end=\"330\">No est\u00e1s hecho para fundirte con la multitud. El eau de toilette para hombre <strong data-start=\"153\" data-end=\"177\">Montblanc Individuel<\/strong> resalta perfectamente tu personalidad y te permite ser t\u00fa mismo. R\u00edndete a sus notas frutales entremezcladas con las c\u00e1lidas notas de madera de s\u00e1ndalo.<\/p>\n<ul data-start=\"332\" data-end=\"451\">\n<li data-start=\"332\" data-end=\"368\">\n<p data-start=\"334\" data-end=\"368\"><strong data-start=\"334\" data-end=\"366\">Fragancia oriental amaderada<\/strong><\/p>\n<\/li>\n<li data-start=\"369\" data-end=\"422\">\n<p data-start=\"371\" data-end=\"422\">Para hombres a los que les gusta ser ellos mismos<\/p>\n<\/li>\n<li data-start=\"423\" data-end=\"451\">\n<p data-start=\"425\" data-end=\"451\">Ideal para usar a diario<\/p>\n<\/li>\n<\/ul>\n<h3 data-start=\"453\" data-end=\"484\">Composici\u00f3n de la fragancia<\/h3>\n<p data-start=\"486\" data-end=\"836\">En primer lugar, sentir\u00e1s las especias arom\u00e1ticas combinadas con la fresca bergamota y la dulce pi\u00f1a. A continuaci\u00f3n, se despliegan la violeta, el jazm\u00edn y el azahar de naranjo. Las notas de fondo, que son las que permanecen en la piel durante m\u00e1s tiempo, se componen de \u00e1mbar, ex\u00f3tica haba tonka, roble, almizcle, pachul\u00ed y c\u00e1lida madera de s\u00e1ndalo.<\/p>\n","protected":false},"excerpt":{"rendered":"<p data-start=\"76\" data-end=\"330\">No est\u00e1s hecho para fundirte con la multitud. El eau de toilette para hombre <strong data-start=\"153\" data-end=\"177\">Montblanc Individuel<\/strong> resalta perfectamente tu personalidad y te permite ser t\u00fa mismo. R\u00edndete a sus notas frutales entremezcladas con las c\u00e1lidas notas de madera de s\u00e1ndalo.<\/p>\n<ul data-start=\"332\" data-end=\"451\">\n<li data-start=\"332\" data-end=\"368\">\n<p data-start=\"334\" data-end=\"368\"><strong data-start=\"334\" data-end=\"366\">Fragancia oriental amaderada<\/strong><\/p>\n<\/li>\n<li data-start=\"369\" data-end=\"422\">\n<p data-start=\"371\" data-end=\"422\">Para hombres a los que les gusta ser ellos mismos<\/p>\n<\/li>\n<li data-start=\"423\" data-end=\"451\">\n<p data-start=\"425\" data-end=\"451\">Ideal para usar a diario<\/p>\n<\/li>\n<\/ul>\n<h3 data-start=\"453\" data-end=\"484\">Composici\u00f3n de la fragancia<\/h3>\n<p data-start=\"486\" data-end=\"836\">En primer lugar, sentir\u00e1s las especias arom\u00e1ticas combinadas con la fresca bergamota y la dulce pi\u00f1a. A continuaci\u00f3n, se despliegan la violeta, el jazm\u00edn y el azahar de naranjo. Las notas de fondo, que son las que permanecen en la piel durante m\u00e1s tiempo, se componen de \u00e1mbar, ex\u00f3tica haba tonka, roble, almizcle, pachul\u00ed y c\u00e1lida madera de s\u00e1ndalo.<\/p>\n<p><span style=\"color: #ff4400;\"><strong>\u2705 <span style=\"color: #d9a569;\">Pagos 100% Contraentrega.<\/span><\/strong><\/span><br \/>\n<span style=\"color: #ff4400;\"><strong>\u2705 <span style=\"color: #d9a569;\">Env\u00edo Gratis a toda Colombia.<\/span><\/strong><\/span><br \/>\n<span style=\"color: #ff4400;\"><strong>\u2705 <span style=\"color: #d9a569;\">Perfumes 100% Originales.<\/span><\/strong><\/span><\/p>\n","protected":false},"featured_media":9761,"template":"","meta":[],"product_brand":[],"product_cat":[198,169,195],"product_tag":[],"class_list":{"0":"post-9955","1":"product","2":"type-product","3":"status-publish","4":"has-post-thumbnail","6":"product_cat-disenador","7":"product_cat-hombre","8":"product_cat-montblanc","10":"first","11":"instock","12":"sale","13":"shipping-taxable","14":"purchasable","15":"product-type-simple"},"yoast_head":"<!-- This site is optimized with the Yoast SEO plugin v27.3 - https:\/\/yoast.com\/product\/yoast-seo-wordpress\/ -->\n<title>Montblanc Individuel 75 ml Original - Oud d\u2019Or - L\u2019essence du pouvoir<\/title>\n<meta name=\"robots\" content=\"index, follow, max-snippet:-1, max-image-preview:large, max-video-preview:-1\" \/>\n<link rel=\"canonical\" href=\"https:\/\/ouddorperfumes.com\/index.php\/producto\/montblanc-individuel-75-ml-original\/\" \/>\n<meta property=\"og:locale\" content=\"es_ES\" \/>\n<meta property=\"og:type\" content=\"article\" \/>\n<meta property=\"og:title\" content=\"Montblanc Individuel 75 ml Original - Oud d\u2019Or - L\u2019essence du pouvoir\" \/>\n<meta property=\"og:description\" content=\"No est\u00e1s hecho para fundirte con la multitud. El eau de toilette para hombre Montblanc Individuel resalta perfectamente tu personalidad y te permite ser t\u00fa mismo. R\u00edndete a sus notas frutales entremezcladas con las c\u00e1lidas notas de madera de s\u00e1ndalo.     Fragancia oriental amaderada    Para hombres a los que les gusta ser ellos mismos    Ideal para usar a diario   Composici\u00f3n de la fragancia En primer lugar, sentir\u00e1s las especias arom\u00e1ticas combinadas con la fresca bergamota y la dulce pi\u00f1a. A continuaci\u00f3n, se despliegan la violeta, el jazm\u00edn y el azahar de naranjo. Las notas de fondo, que son las que permanecen en la piel durante m\u00e1s tiempo, se componen de \u00e1mbar, ex\u00f3tica haba tonka, roble, almizcle, pachul\u00ed y c\u00e1lida madera de s\u00e1ndalo. \u2705 Pagos 100% Contraentrega. \u2705 Env\u00edo Gratis a toda Colombia. \u2705 Perfumes 100% Originales.\" \/>\n<meta property=\"og:url\" content=\"https:\/\/ouddorperfumes.com\/index.php\/producto\/montblanc-individuel-75-ml-original\/\" \/>\n<meta property=\"og:site_name\" content=\"Oud d\u2019Or - L\u2019essence du pouvoir\" \/>\n<meta property=\"article:modified_time\" content=\"2025-10-03T23:22:36+00:00\" \/>\n<meta property=\"og:image\" content=\"https:\/\/ouddorperfumes.com\/wp-content\/uploads\/2025\/02\/456jpg-38.jpg\" \/>\n\t<meta property=\"og:image:width\" content=\"1654\" \/>\n\t<meta property=\"og:image:height\" content=\"1654\" \/>\n\t<meta property=\"og:image:type\" content=\"image\/jpeg\" \/>\n<meta name=\"twitter:card\" content=\"summary_large_image\" \/>\n<meta name=\"twitter:label1\" content=\"Tiempo de lectura\" \/>\n\t<meta name=\"twitter:data1\" content=\"1 minuto\" \/>\n<script type=\"application\/ld+json\" class=\"yoast-schema-graph\">{\"@context\":\"https:\\\/\\\/schema.org\",\"@graph\":[{\"@type\":\"WebPage\",\"@id\":\"https:\\\/\\\/ouddorperfumes.com\\\/index.php\\\/producto\\\/montblanc-individuel-75-ml-original\\\/\",\"url\":\"https:\\\/\\\/ouddorperfumes.com\\\/index.php\\\/producto\\\/montblanc-individuel-75-ml-original\\\/\",\"name\":\"Montblanc Individuel 75 ml Original - Oud d\u2019Or - L\u2019essence du pouvoir\",\"isPartOf\":{\"@id\":\"https:\\\/\\\/ouddorperfumes.com\\\/#website\"},\"primaryImageOfPage\":{\"@id\":\"https:\\\/\\\/ouddorperfumes.com\\\/index.php\\\/producto\\\/montblanc-individuel-75-ml-original\\\/#primaryimage\"},\"image\":{\"@id\":\"https:\\\/\\\/ouddorperfumes.com\\\/index.php\\\/producto\\\/montblanc-individuel-75-ml-original\\\/#primaryimage\"},\"thumbnailUrl\":\"https:\\\/\\\/ouddorperfumes.com\\\/wp-content\\\/uploads\\\/2025\\\/02\\\/456jpg-38.jpg\",\"datePublished\":\"2025-02-19T23:30:44+00:00\",\"dateModified\":\"2025-10-03T23:22:36+00:00\",\"breadcrumb\":{\"@id\":\"https:\\\/\\\/ouddorperfumes.com\\\/index.php\\\/producto\\\/montblanc-individuel-75-ml-original\\\/#breadcrumb\"},\"inLanguage\":\"es\",\"potentialAction\":[{\"@type\":\"ReadAction\",\"target\":[\"https:\\\/\\\/ouddorperfumes.com\\\/index.php\\\/producto\\\/montblanc-individuel-75-ml-original\\\/\"]}]},{\"@type\":\"ImageObject\",\"inLanguage\":\"es\",\"@id\":\"https:\\\/\\\/ouddorperfumes.com\\\/index.php\\\/producto\\\/montblanc-individuel-75-ml-original\\\/#primaryimage\",\"url\":\"https:\\\/\\\/ouddorperfumes.com\\\/wp-content\\\/uploads\\\/2025\\\/02\\\/456jpg-38.jpg\",\"contentUrl\":\"https:\\\/\\\/ouddorperfumes.com\\\/wp-content\\\/uploads\\\/2025\\\/02\\\/456jpg-38.jpg\",\"width\":1654,\"height\":1654},{\"@type\":\"BreadcrumbList\",\"@id\":\"https:\\\/\\\/ouddorperfumes.com\\\/index.php\\\/producto\\\/montblanc-individuel-75-ml-original\\\/#breadcrumb\",\"itemListElement\":[{\"@type\":\"ListItem\",\"position\":1,\"name\":\"Portada\",\"item\":\"https:\\\/\\\/ouddorperfumes.com\\\/\"},{\"@type\":\"ListItem\",\"position\":2,\"name\":\"Todos los Perfumes\",\"item\":\"https:\\\/\\\/ouddorperfumes.com\\\/index.php\\\/todos-los-perfumes\\\/\"},{\"@type\":\"ListItem\",\"position\":3,\"name\":\"Montblanc Individuel 75 ml Original\"}]},{\"@type\":\"WebSite\",\"@id\":\"https:\\\/\\\/ouddorperfumes.com\\\/#website\",\"url\":\"https:\\\/\\\/ouddorperfumes.com\\\/\",\"name\":\"Oud d\u2019Or - L\u2019essence du pouvoir\",\"description\":\"Perfumes Arabes 100% Originales\",\"potentialAction\":[{\"@type\":\"SearchAction\",\"target\":{\"@type\":\"EntryPoint\",\"urlTemplate\":\"https:\\\/\\\/ouddorperfumes.com\\\/?s={search_term_string}\"},\"query-input\":{\"@type\":\"PropertyValueSpecification\",\"valueRequired\":true,\"valueName\":\"search_term_string\"}}],\"inLanguage\":\"es\"}]}<\/script>\n<!-- \/ Yoast SEO plugin. -->","yoast_head_json":{"title":"Montblanc Individuel 75 ml Original - Oud d\u2019Or - L\u2019essence du pouvoir","robots":{"index":"index","follow":"follow","max-snippet":"max-snippet:-1","max-image-preview":"max-image-preview:large","max-video-preview":"max-video-preview:-1"},"canonical":"https:\/\/ouddorperfumes.com\/index.php\/producto\/montblanc-individuel-75-ml-original\/","og_locale":"es_ES","og_type":"article","og_title":"Montblanc Individuel 75 ml Original - Oud d\u2019Or - L\u2019essence du pouvoir","og_description":"No est\u00e1s hecho para fundirte con la multitud. El eau de toilette para hombre Montblanc Individuel resalta perfectamente tu personalidad y te permite ser t\u00fa mismo. R\u00edndete a sus notas frutales entremezcladas con las c\u00e1lidas notas de madera de s\u00e1ndalo.     Fragancia oriental amaderada    Para hombres a los que les gusta ser ellos mismos    Ideal para usar a diario   Composici\u00f3n de la fragancia En primer lugar, sentir\u00e1s las especias arom\u00e1ticas combinadas con la fresca bergamota y la dulce pi\u00f1a. A continuaci\u00f3n, se despliegan la violeta, el jazm\u00edn y el azahar de naranjo. Las notas de fondo, que son las que permanecen en la piel durante m\u00e1s tiempo, se componen de \u00e1mbar, ex\u00f3tica haba tonka, roble, almizcle, pachul\u00ed y c\u00e1lida madera de s\u00e1ndalo. \u2705 Pagos 100% Contraentrega. \u2705 Env\u00edo Gratis a toda Colombia. \u2705 Perfumes 100% Originales.","og_url":"https:\/\/ouddorperfumes.com\/index.php\/producto\/montblanc-individuel-75-ml-original\/","og_site_name":"Oud d\u2019Or - L\u2019essence du pouvoir","article_modified_time":"2025-10-03T23:22:36+00:00","og_image":[{"width":1654,"height":1654,"url":"https:\/\/ouddorperfumes.com\/wp-content\/uploads\/2025\/02\/456jpg-38.jpg","type":"image\/jpeg"}],"twitter_card":"summary_large_image","twitter_misc":{"Tiempo de lectura":"1 minuto"},"schema":{"@context":"https:\/\/schema.org","@graph":[{"@type":"WebPage","@id":"https:\/\/ouddorperfumes.com\/index.php\/producto\/montblanc-individuel-75-ml-original\/","url":"https:\/\/ouddorperfumes.com\/index.php\/producto\/montblanc-individuel-75-ml-original\/","name":"Montblanc Individuel 75 ml Original - Oud d\u2019Or - L\u2019essence du pouvoir","isPartOf":{"@id":"https:\/\/ouddorperfumes.com\/#website"},"primaryImageOfPage":{"@id":"https:\/\/ouddorperfumes.com\/index.php\/producto\/montblanc-individuel-75-ml-original\/#primaryimage"},"image":{"@id":"https:\/\/ouddorperfumes.com\/index.php\/producto\/montblanc-individuel-75-ml-original\/#primaryimage"},"thumbnailUrl":"https:\/\/ouddorperfumes.com\/wp-content\/uploads\/2025\/02\/456jpg-38.jpg","datePublished":"2025-02-19T23:30:44+00:00","dateModified":"2025-10-03T23:22:36+00:00","breadcrumb":{"@id":"https:\/\/ouddorperfumes.com\/index.php\/producto\/montblanc-individuel-75-ml-original\/#breadcrumb"},"inLanguage":"es","potentialAction":[{"@type":"ReadAction","target":["https:\/\/ouddorperfumes.com\/index.php\/producto\/montblanc-individuel-75-ml-original\/"]}]},{"@type":"ImageObject","inLanguage":"es","@id":"https:\/\/ouddorperfumes.com\/index.php\/producto\/montblanc-individuel-75-ml-original\/#primaryimage","url":"https:\/\/ouddorperfumes.com\/wp-content\/uploads\/2025\/02\/456jpg-38.jpg","contentUrl":"https:\/\/ouddorperfumes.com\/wp-content\/uploads\/2025\/02\/456jpg-38.jpg","width":1654,"height":1654},{"@type":"BreadcrumbList","@id":"https:\/\/ouddorperfumes.com\/index.php\/producto\/montblanc-individuel-75-ml-original\/#breadcrumb","itemListElement":[{"@type":"ListItem","position":1,"name":"Portada","item":"https:\/\/ouddorperfumes.com\/"},{"@type":"ListItem","position":2,"name":"Todos los Perfumes","item":"https:\/\/ouddorperfumes.com\/index.php\/todos-los-perfumes\/"},{"@type":"ListItem","position":3,"name":"Montblanc Individuel 75 ml Original"}]},{"@type":"WebSite","@id":"https:\/\/ouddorperfumes.com\/#website","url":"https:\/\/ouddorperfumes.com\/","name":"Oud d\u2019Or - L\u2019essence du pouvoir","description":"Perfumes Arabes 100% Originales","potentialAction":[{"@type":"SearchAction","target":{"@type":"EntryPoint","urlTemplate":"https:\/\/ouddorperfumes.com\/?s={search_term_string}"},"query-input":{"@type":"PropertyValueSpecification","valueRequired":true,"valueName":"search_term_string"}}],"inLanguage":"es"}]}},"_links":{"self":[{"href":"https:\/\/ouddorperfumes.com\/index.php\/wp-json\/wp\/v2\/product\/9955","targetHints":{"allow":["GET"]}}],"collection":[{"href":"https:\/\/ouddorperfumes.com\/index.php\/wp-json\/wp\/v2\/product"}],"about":[{"href":"https:\/\/ouddorperfumes.com\/index.php\/wp-json\/wp\/v2\/types\/product"}],"version-history":[{"count":1,"href":"https:\/\/ouddorperfumes.com\/index.php\/wp-json\/wp\/v2\/product\/9955\/revisions"}],"predecessor-version":[{"id":11746,"href":"https:\/\/ouddorperfumes.com\/index.php\/wp-json\/wp\/v2\/product\/9955\/revisions\/11746"}],"wp:featuredmedia":[{"embeddable":true,"href":"https:\/\/ouddorperfumes.com\/index.php\/wp-json\/wp\/v2\/media\/9761"}],"wp:attachment":[{"href":"https:\/\/ouddorperfumes.com\/index.php\/wp-json\/wp\/v2\/media?parent=9955"}],"wp:term":[{"taxonomy":"product_brand","embeddable":true,"href":"https:\/\/ouddorperfumes.com\/index.php\/wp-json\/wp\/v2\/product_brand?post=9955"},{"taxonomy":"product_cat","embeddable":true,"href":"https:\/\/ouddorperfumes.com\/index.php\/wp-json\/wp\/v2\/product_cat?post=9955"},{"taxonomy":"product_tag","embeddable":true,"href":"https:\/\/ouddorperfumes.com\/index.php\/wp-json\/wp\/v2\/product_tag?post=9955"}],"curies":[{"name":"wp","href":"https:\/\/api.w.org\/{rel}","templated":true}]}}