{"id":9980,"date":"2025-02-19T21:11:54","date_gmt":"2025-02-20T02:11:54","guid":{"rendered":"https:\/\/ouddorperfumes.com\/index.php\/producto\/armaf-club-de-nuit-oud-105ml-original\/"},"modified":"2025-10-03T18:19:24","modified_gmt":"2025-10-03T23:19:24","slug":"armaf-club-de-nuit-oud-105-ml-original","status":"publish","type":"product","link":"https:\/\/ouddorperfumes.com\/index.php\/producto\/armaf-club-de-nuit-oud-105-ml-original\/","title":{"rendered":"Armaf Club De Nuit Oud 105 ml Original"},"content":{"rendered":"<p>\u00a1Prep\u00e1rate para una experiencia \u00fanica en el mundo de la perfumer\u00eda con el lanzamiento de \u00abArmaf Club de Nuit Oud\u00bb! Esta joya olfativa representa la cima de la calidad y la elegancia en la creaci\u00f3n de fragancias. Cada gota de este elixir ha sido cuidadosamente elaborada para ofrecerte una experiencia sensorial inigualable.<\/p>\n<p>Sum\u00e9rgete en la misteriosa y seductora fragancia de \u00abClub de Nuit Oud\u00bb, la \u00faltima adici\u00f3n a la colecci\u00f3n de perfumes de Armaf. Esta cautivadora creaci\u00f3n combina notas afrutadas que le aportan frescura y vitalidad, junto con un toque almizclado que a\u00f1ade profundidad y sofisticaci\u00f3n. El dulce y c\u00e1lido aroma amaderado que envuelve esta fragancia te transportar\u00e1 a un mundo de lujo y sensualidad.<\/p>\n<p>Creada con los m\u00e1s altos est\u00e1ndares de calidad, cada ingrediente de \u00abArmaf Club de Nuit Oud\u00bb ha sido seleccionado con esmero para garantizar que esta fragancia sea una verdadera obra maestra. No se trata solo de un perfume, sino de una experiencia que te elevar\u00e1 a nuevas alturas de sofisticaci\u00f3n y distinci\u00f3n.<\/p>\n<p>\u00bfListo para dar un paso adelante en tu estilo y presencia? \u00abArmaf Club de Nuit Oud\u00bb es la elecci\u00f3n perfecta. Con esta fragancia, dejar\u00e1s una impresi\u00f3n imborrable en cualquier ocasi\u00f3n.<\/p>\n","protected":false},"excerpt":{"rendered":"<p>\u00a1Prep\u00e1rate para una experiencia \u00fanica en el mundo de la perfumer\u00eda con el lanzamiento de \u00abArmaf Club de Nuit Oud\u00bb! Esta joya olfativa representa la cima de la calidad y la elegancia en la creaci\u00f3n de fragancias. Cada gota de este elixir ha sido cuidadosamente elaborada para ofrecerte una experiencia sensorial inigualable.<\/p>\n<p>Sum\u00e9rgete en la misteriosa y seductora fragancia de \u00abClub de Nuit Oud\u00bb, la \u00faltima adici\u00f3n a la colecci\u00f3n de perfumes de Armaf. Esta cautivadora creaci\u00f3n combina notas afrutadas que le aportan frescura y vitalidad, junto con un toque almizclado que a\u00f1ade profundidad y sofisticaci\u00f3n. El dulce y c\u00e1lido aroma amaderado que envuelve esta fragancia te transportar\u00e1 a un mundo de lujo y sensualidad.<\/p>\n<p>Creada con los m\u00e1s altos est\u00e1ndares de calidad, cada ingrediente de \u00abArmaf Club de Nuit Oud\u00bb ha sido seleccionado con esmero para garantizar que esta fragancia sea una verdadera obra maestra. No se trata solo de un perfume, sino de una experiencia que te elevar\u00e1 a nuevas alturas de sofisticaci\u00f3n y distinci\u00f3n.<\/p>\n<p>\u00bfListo para dar un paso adelante en tu estilo y presencia? \u00abArmaf Club de Nuit Oud\u00bb es la elecci\u00f3n perfecta. Con esta fragancia, dejar\u00e1s una impresi\u00f3n imborrable en cualquier ocasi\u00f3n.<\/p>\n<p><span style=\"color: #ff4400;\"><strong>\u2705 <span style=\"color: #d9a569;\">Pagos 100% Contraentrega.<\/span><\/strong><\/span><br \/>\n<span style=\"color: #ff4400;\"><strong>\u2705 <span style=\"color: #d9a569;\">Env\u00edo Gratis a toda Colombia.<\/span><\/strong><\/span><br \/>\n<span style=\"color: #ff4400;\"><strong>\u2705 <span style=\"color: #d9a569;\">Perfumes 100% Originales.<\/span><\/strong><\/span><\/p>\n","protected":false},"featured_media":10014,"template":"","meta":[],"product_brand":[],"product_cat":[178,169,168,177,170],"product_tag":[],"class_list":{"0":"post-9980","1":"product","2":"type-product","3":"status-publish","4":"has-post-thumbnail","6":"product_cat-armaf","7":"product_cat-hombre","8":"product_cat-mujer","9":"product_cat-perfumes-arabes","10":"product_cat-unisex","12":"first","13":"instock","14":"sale","15":"shipping-taxable","16":"purchasable","17":"product-type-simple"},"yoast_head":"<!-- This site is optimized with the Yoast SEO plugin v27.3 - https:\/\/yoast.com\/product\/yoast-seo-wordpress\/ -->\n<title>Armaf Club De Nuit Oud 105 ml Original - Oud d\u2019Or - L\u2019essence du pouvoir<\/title>\n<meta name=\"robots\" content=\"index, follow, max-snippet:-1, max-image-preview:large, max-video-preview:-1\" \/>\n<link rel=\"canonical\" href=\"https:\/\/ouddorperfumes.com\/index.php\/producto\/armaf-club-de-nuit-oud-105-ml-original\/\" \/>\n<meta property=\"og:locale\" content=\"es_ES\" \/>\n<meta property=\"og:type\" content=\"article\" \/>\n<meta property=\"og:title\" content=\"Armaf Club De Nuit Oud 105 ml Original - Oud d\u2019Or - L\u2019essence du pouvoir\" \/>\n<meta property=\"og:description\" content=\"\u00a1Prep\u00e1rate para una experiencia \u00fanica en el mundo de la perfumer\u00eda con el lanzamiento de &quot;Armaf Club de Nuit Oud&quot;! Esta joya olfativa representa la cima de la calidad y la elegancia en la creaci\u00f3n de fragancias. Cada gota de este elixir ha sido cuidadosamente elaborada para ofrecerte una experiencia sensorial inigualable.  Sum\u00e9rgete en la misteriosa y seductora fragancia de &quot;Club de Nuit Oud&quot;, la \u00faltima adici\u00f3n a la colecci\u00f3n de perfumes de Armaf. Esta cautivadora creaci\u00f3n combina notas afrutadas que le aportan frescura y vitalidad, junto con un toque almizclado que a\u00f1ade profundidad y sofisticaci\u00f3n. El dulce y c\u00e1lido aroma amaderado que envuelve esta fragancia te transportar\u00e1 a un mundo de lujo y sensualidad.  Creada con los m\u00e1s altos est\u00e1ndares de calidad, cada ingrediente de &quot;Armaf Club de Nuit Oud&quot; ha sido seleccionado con esmero para garantizar que esta fragancia sea una verdadera obra maestra. No se trata solo de un perfume, sino de una experiencia que te elevar\u00e1 a nuevas alturas de sofisticaci\u00f3n y distinci\u00f3n.  \u00bfListo para dar un paso adelante en tu estilo y presencia? &quot;Armaf Club de Nuit Oud&quot; es la elecci\u00f3n perfecta. Con esta fragancia, dejar\u00e1s una impresi\u00f3n imborrable en cualquier ocasi\u00f3n.  \u2705 Pagos 100% Contraentrega. \u2705 Env\u00edo Gratis a toda Colombia. \u2705 Perfumes 100% Originales.\" \/>\n<meta property=\"og:url\" content=\"https:\/\/ouddorperfumes.com\/index.php\/producto\/armaf-club-de-nuit-oud-105-ml-original\/\" \/>\n<meta property=\"og:site_name\" content=\"Oud d\u2019Or - L\u2019essence du pouvoir\" \/>\n<meta property=\"article:modified_time\" content=\"2025-10-03T23:19:24+00:00\" \/>\n<meta property=\"og:image\" content=\"https:\/\/ouddorperfumes.com\/wp-content\/uploads\/2025\/02\/oud.jpg\" \/>\n\t<meta property=\"og:image:width\" content=\"1654\" \/>\n\t<meta property=\"og:image:height\" content=\"1654\" \/>\n\t<meta property=\"og:image:type\" content=\"image\/jpeg\" \/>\n<meta name=\"twitter:card\" content=\"summary_large_image\" \/>\n<meta name=\"twitter:label1\" content=\"Tiempo de lectura\" \/>\n\t<meta name=\"twitter:data1\" content=\"2 minutos\" \/>\n<script type=\"application\/ld+json\" class=\"yoast-schema-graph\">{\"@context\":\"https:\\\/\\\/schema.org\",\"@graph\":[{\"@type\":\"WebPage\",\"@id\":\"https:\\\/\\\/ouddorperfumes.com\\\/index.php\\\/producto\\\/armaf-club-de-nuit-oud-105-ml-original\\\/\",\"url\":\"https:\\\/\\\/ouddorperfumes.com\\\/index.php\\\/producto\\\/armaf-club-de-nuit-oud-105-ml-original\\\/\",\"name\":\"Armaf Club De Nuit Oud 105 ml Original - Oud d\u2019Or - L\u2019essence du pouvoir\",\"isPartOf\":{\"@id\":\"https:\\\/\\\/ouddorperfumes.com\\\/#website\"},\"primaryImageOfPage\":{\"@id\":\"https:\\\/\\\/ouddorperfumes.com\\\/index.php\\\/producto\\\/armaf-club-de-nuit-oud-105-ml-original\\\/#primaryimage\"},\"image\":{\"@id\":\"https:\\\/\\\/ouddorperfumes.com\\\/index.php\\\/producto\\\/armaf-club-de-nuit-oud-105-ml-original\\\/#primaryimage\"},\"thumbnailUrl\":\"https:\\\/\\\/ouddorperfumes.com\\\/wp-content\\\/uploads\\\/2025\\\/02\\\/oud.jpg\",\"datePublished\":\"2025-02-20T02:11:54+00:00\",\"dateModified\":\"2025-10-03T23:19:24+00:00\",\"breadcrumb\":{\"@id\":\"https:\\\/\\\/ouddorperfumes.com\\\/index.php\\\/producto\\\/armaf-club-de-nuit-oud-105-ml-original\\\/#breadcrumb\"},\"inLanguage\":\"es\",\"potentialAction\":[{\"@type\":\"ReadAction\",\"target\":[\"https:\\\/\\\/ouddorperfumes.com\\\/index.php\\\/producto\\\/armaf-club-de-nuit-oud-105-ml-original\\\/\"]}]},{\"@type\":\"ImageObject\",\"inLanguage\":\"es\",\"@id\":\"https:\\\/\\\/ouddorperfumes.com\\\/index.php\\\/producto\\\/armaf-club-de-nuit-oud-105-ml-original\\\/#primaryimage\",\"url\":\"https:\\\/\\\/ouddorperfumes.com\\\/wp-content\\\/uploads\\\/2025\\\/02\\\/oud.jpg\",\"contentUrl\":\"https:\\\/\\\/ouddorperfumes.com\\\/wp-content\\\/uploads\\\/2025\\\/02\\\/oud.jpg\",\"width\":1654,\"height\":1654},{\"@type\":\"BreadcrumbList\",\"@id\":\"https:\\\/\\\/ouddorperfumes.com\\\/index.php\\\/producto\\\/armaf-club-de-nuit-oud-105-ml-original\\\/#breadcrumb\",\"itemListElement\":[{\"@type\":\"ListItem\",\"position\":1,\"name\":\"Portada\",\"item\":\"https:\\\/\\\/ouddorperfumes.com\\\/\"},{\"@type\":\"ListItem\",\"position\":2,\"name\":\"Todos los Perfumes\",\"item\":\"https:\\\/\\\/ouddorperfumes.com\\\/index.php\\\/todos-los-perfumes\\\/\"},{\"@type\":\"ListItem\",\"position\":3,\"name\":\"Armaf Club De Nuit Oud 105 ml Original\"}]},{\"@type\":\"WebSite\",\"@id\":\"https:\\\/\\\/ouddorperfumes.com\\\/#website\",\"url\":\"https:\\\/\\\/ouddorperfumes.com\\\/\",\"name\":\"Oud d\u2019Or - L\u2019essence du pouvoir\",\"description\":\"Perfumes Arabes 100% Originales\",\"potentialAction\":[{\"@type\":\"SearchAction\",\"target\":{\"@type\":\"EntryPoint\",\"urlTemplate\":\"https:\\\/\\\/ouddorperfumes.com\\\/?s={search_term_string}\"},\"query-input\":{\"@type\":\"PropertyValueSpecification\",\"valueRequired\":true,\"valueName\":\"search_term_string\"}}],\"inLanguage\":\"es\"}]}<\/script>\n<!-- \/ Yoast SEO plugin. -->","yoast_head_json":{"title":"Armaf Club De Nuit Oud 105 ml Original - Oud d\u2019Or - L\u2019essence du pouvoir","robots":{"index":"index","follow":"follow","max-snippet":"max-snippet:-1","max-image-preview":"max-image-preview:large","max-video-preview":"max-video-preview:-1"},"canonical":"https:\/\/ouddorperfumes.com\/index.php\/producto\/armaf-club-de-nuit-oud-105-ml-original\/","og_locale":"es_ES","og_type":"article","og_title":"Armaf Club De Nuit Oud 105 ml Original - Oud d\u2019Or - L\u2019essence du pouvoir","og_description":"\u00a1Prep\u00e1rate para una experiencia \u00fanica en el mundo de la perfumer\u00eda con el lanzamiento de \"Armaf Club de Nuit Oud\"! Esta joya olfativa representa la cima de la calidad y la elegancia en la creaci\u00f3n de fragancias. Cada gota de este elixir ha sido cuidadosamente elaborada para ofrecerte una experiencia sensorial inigualable.  Sum\u00e9rgete en la misteriosa y seductora fragancia de \"Club de Nuit Oud\", la \u00faltima adici\u00f3n a la colecci\u00f3n de perfumes de Armaf. Esta cautivadora creaci\u00f3n combina notas afrutadas que le aportan frescura y vitalidad, junto con un toque almizclado que a\u00f1ade profundidad y sofisticaci\u00f3n. El dulce y c\u00e1lido aroma amaderado que envuelve esta fragancia te transportar\u00e1 a un mundo de lujo y sensualidad.  Creada con los m\u00e1s altos est\u00e1ndares de calidad, cada ingrediente de \"Armaf Club de Nuit Oud\" ha sido seleccionado con esmero para garantizar que esta fragancia sea una verdadera obra maestra. No se trata solo de un perfume, sino de una experiencia que te elevar\u00e1 a nuevas alturas de sofisticaci\u00f3n y distinci\u00f3n.  \u00bfListo para dar un paso adelante en tu estilo y presencia? \"Armaf Club de Nuit Oud\" es la elecci\u00f3n perfecta. Con esta fragancia, dejar\u00e1s una impresi\u00f3n imborrable en cualquier ocasi\u00f3n.  \u2705 Pagos 100% Contraentrega. \u2705 Env\u00edo Gratis a toda Colombia. \u2705 Perfumes 100% Originales.","og_url":"https:\/\/ouddorperfumes.com\/index.php\/producto\/armaf-club-de-nuit-oud-105-ml-original\/","og_site_name":"Oud d\u2019Or - L\u2019essence du pouvoir","article_modified_time":"2025-10-03T23:19:24+00:00","og_image":[{"width":1654,"height":1654,"url":"https:\/\/ouddorperfumes.com\/wp-content\/uploads\/2025\/02\/oud.jpg","type":"image\/jpeg"}],"twitter_card":"summary_large_image","twitter_misc":{"Tiempo de lectura":"2 minutos"},"schema":{"@context":"https:\/\/schema.org","@graph":[{"@type":"WebPage","@id":"https:\/\/ouddorperfumes.com\/index.php\/producto\/armaf-club-de-nuit-oud-105-ml-original\/","url":"https:\/\/ouddorperfumes.com\/index.php\/producto\/armaf-club-de-nuit-oud-105-ml-original\/","name":"Armaf Club De Nuit Oud 105 ml Original - Oud d\u2019Or - L\u2019essence du pouvoir","isPartOf":{"@id":"https:\/\/ouddorperfumes.com\/#website"},"primaryImageOfPage":{"@id":"https:\/\/ouddorperfumes.com\/index.php\/producto\/armaf-club-de-nuit-oud-105-ml-original\/#primaryimage"},"image":{"@id":"https:\/\/ouddorperfumes.com\/index.php\/producto\/armaf-club-de-nuit-oud-105-ml-original\/#primaryimage"},"thumbnailUrl":"https:\/\/ouddorperfumes.com\/wp-content\/uploads\/2025\/02\/oud.jpg","datePublished":"2025-02-20T02:11:54+00:00","dateModified":"2025-10-03T23:19:24+00:00","breadcrumb":{"@id":"https:\/\/ouddorperfumes.com\/index.php\/producto\/armaf-club-de-nuit-oud-105-ml-original\/#breadcrumb"},"inLanguage":"es","potentialAction":[{"@type":"ReadAction","target":["https:\/\/ouddorperfumes.com\/index.php\/producto\/armaf-club-de-nuit-oud-105-ml-original\/"]}]},{"@type":"ImageObject","inLanguage":"es","@id":"https:\/\/ouddorperfumes.com\/index.php\/producto\/armaf-club-de-nuit-oud-105-ml-original\/#primaryimage","url":"https:\/\/ouddorperfumes.com\/wp-content\/uploads\/2025\/02\/oud.jpg","contentUrl":"https:\/\/ouddorperfumes.com\/wp-content\/uploads\/2025\/02\/oud.jpg","width":1654,"height":1654},{"@type":"BreadcrumbList","@id":"https:\/\/ouddorperfumes.com\/index.php\/producto\/armaf-club-de-nuit-oud-105-ml-original\/#breadcrumb","itemListElement":[{"@type":"ListItem","position":1,"name":"Portada","item":"https:\/\/ouddorperfumes.com\/"},{"@type":"ListItem","position":2,"name":"Todos los Perfumes","item":"https:\/\/ouddorperfumes.com\/index.php\/todos-los-perfumes\/"},{"@type":"ListItem","position":3,"name":"Armaf Club De Nuit Oud 105 ml Original"}]},{"@type":"WebSite","@id":"https:\/\/ouddorperfumes.com\/#website","url":"https:\/\/ouddorperfumes.com\/","name":"Oud d\u2019Or - L\u2019essence du pouvoir","description":"Perfumes Arabes 100% Originales","potentialAction":[{"@type":"SearchAction","target":{"@type":"EntryPoint","urlTemplate":"https:\/\/ouddorperfumes.com\/?s={search_term_string}"},"query-input":{"@type":"PropertyValueSpecification","valueRequired":true,"valueName":"search_term_string"}}],"inLanguage":"es"}]}},"_links":{"self":[{"href":"https:\/\/ouddorperfumes.com\/index.php\/wp-json\/wp\/v2\/product\/9980","targetHints":{"allow":["GET"]}}],"collection":[{"href":"https:\/\/ouddorperfumes.com\/index.php\/wp-json\/wp\/v2\/product"}],"about":[{"href":"https:\/\/ouddorperfumes.com\/index.php\/wp-json\/wp\/v2\/types\/product"}],"version-history":[{"count":1,"href":"https:\/\/ouddorperfumes.com\/index.php\/wp-json\/wp\/v2\/product\/9980\/revisions"}],"predecessor-version":[{"id":11737,"href":"https:\/\/ouddorperfumes.com\/index.php\/wp-json\/wp\/v2\/product\/9980\/revisions\/11737"}],"wp:featuredmedia":[{"embeddable":true,"href":"https:\/\/ouddorperfumes.com\/index.php\/wp-json\/wp\/v2\/media\/10014"}],"wp:attachment":[{"href":"https:\/\/ouddorperfumes.com\/index.php\/wp-json\/wp\/v2\/media?parent=9980"}],"wp:term":[{"taxonomy":"product_brand","embeddable":true,"href":"https:\/\/ouddorperfumes.com\/index.php\/wp-json\/wp\/v2\/product_brand?post=9980"},{"taxonomy":"product_cat","embeddable":true,"href":"https:\/\/ouddorperfumes.com\/index.php\/wp-json\/wp\/v2\/product_cat?post=9980"},{"taxonomy":"product_tag","embeddable":true,"href":"https:\/\/ouddorperfumes.com\/index.php\/wp-json\/wp\/v2\/product_tag?post=9980"}],"curies":[{"name":"wp","href":"https:\/\/api.w.org\/{rel}","templated":true}]}}